{"id":643,"date":"2015-03-04T18:45:20","date_gmt":"2015-03-04T18:45:20","guid":{"rendered":"http:\/\/www.perdidasenbonospr.com\/?page_id=643"},"modified":"2021-07-13T17:08:28","modified_gmt":"2021-07-13T17:08:28","slug":"investigandos","status":"publish","type":"page","link":"http:\/\/www.sueubspuertorico.com\/es\/ubs-violaciones\/investigandos\/","title":{"rendered":"Investigandos"},"content":{"rendered":"\n\t<div id=\"fws_69f8cba682c96\" class=\"wpb_row vc_row-fluid full-width-section standard_section   \" style=\"padding-top: 0px; padding-bottom: 0px; \"><div class=\"col span_12 dark left\">\n\t<div class=\"vc_span12 wpb_column column_container col\" data-animation=\"\" data-delay=\"0\">\n\t\t<div class=\"wpb_wrapper\">\n\t\t\t<div style=\"height: 450px\" data-fullscreen=\"false\" data-autorotate=\"\" data-parallax=\"false\" data-full-width=\"true\" class=\"nectar-slider-wrap \" id=\"ns-id-69f8cba682e15\">\n\t\t<div style=\"height: 450px\" class=\"swiper-container\" data-loop=\"false\" data-height=\"450\" data-arrows=\"false\" data-bullets=\"false\" data-desktop-swipe=\"false\" data-settings=\"\">\n\t\t\t    <div class=\"swiper-wrapper\"><div class=\"swiper-slide\" style=\"background-image: url(http:\/\/www.sueubspuertorico.com\/wp-content\/uploads\/2021\/07\/ubs-financial-puerto-rico-bond-fund-loss.jpg);\" data-bg-alignment=\"center\" data-color-scheme=\"light\" data-x-pos=\"left\" data-y-pos=\"middle\"> \n\t\t\t\t\t\t\t<div class=\"container\">\n\t\t\t\t\t\t\t\t<div class=\"content\"><p class=\"transparent-bg\" ><span>Recover Puerto Rico Bond Fund Losses<\/span><\/p><\/div>\n\t\t\t\t\t\t\t<\/div><!--\/container--><\/div><!--\/swiper-slide--><\/div><div class=\"nectar-slider-loading\"><\/div> <\/div> \n\t\t\t\n\t\t<\/div>\n\t\t<\/div> \n\t<\/div> \n<\/div><\/div>\n\t<div id=\"fws_69f8cba683cbb\" class=\"wpb_row vc_row-fluid full-width-section standard_section contact-top  \" style=\"background-color: #f2f2f2; padding-top: 30px; padding-bottom: 30px; \"><div class=\"col span_12 dark left\">\n\t<div class=\"vc_span4 wpb_column column_container col\" data-animation=\"\" data-delay=\"0\">\n\t\t<div class=\"wpb_wrapper\">\n\t\t\t\n\t<div class=\"wpb_text_column wpb_content_element \">\n\t\t<div class=\"wpb_wrapper\">\n\t\t\t<h2 style=\"text-align: center;\">Cont\u00e1ctenos<\/h2>\n<p style=\"text-align: center;\">\n\n\t\t<\/div> \n\t<\/div> \n\t\t<\/div> \n\t<\/div> \n\n\t<div class=\"vc_span4 wpb_column column_container col\" data-animation=\"\" data-delay=\"0\">\n\t\t<div class=\"wpb_wrapper\">\n\t\t\t\n\t<div class=\"wpb_text_column wpb_content_element \">\n\t\t<div class=\"wpb_wrapper\">\n\t\t\t<h2 style=\"text-align: center;\"><a href=\"tel:7879197325\"><i class=\"icon-default-style icon-phone accent-color\"><\/i> (787) 919-7325<\/a><\/h2>\n<p style=\"text-align: center;\">\n\n\t\t<\/div> \n\t<\/div> \n\t\t<\/div> \n\t<\/div> \n\n\t<div class=\"vc_span4 wpb_column column_container col\" data-animation=\"\" data-delay=\"0\">\n\t\t<div class=\"wpb_wrapper\">\n\t\t\t\n\t<div class=\"wpb_text_column wpb_content_element \">\n\t\t<div class=\"wpb_wrapper\">\n\t\t\t<h2 style=\"text-align: center;\"><a href=\"mailto:info@nasd-law.com\"><i class=\"icon-default-style icon-envelope accent-color\"><\/i> info@nasd-law.com<\/a><\/h2>\n<p style=\"text-align: center;\">\n\n\t\t<\/div> \n\t<\/div> \n\t\t<\/div> \n\t<\/div> \n<\/div><\/div>\n\t<div id=\"fws_69f8cba68415d\" class=\"wpb_row vc_row-fluid full-width-section standard_section   \" style=\"background-color: #ffffff; padding-top: 30px; padding-bottom: 50px; \"><div class=\"col span_12 dark left\">\n\t<div class=\"vc_span8 wpb_column column_container col\" data-animation=\"\" data-delay=\"0\">\n\t\t<div class=\"wpb_wrapper\">\n\t\t\t\n\t<div class=\"wpb_text_column wpb_content_element \">\n\t\t<div class=\"wpb_wrapper\">\n\t\t\t<h1 style=\"text-align: center;\">Investigaciones actuales sobre firmas<br \/><span style=\"color: #195799;\">de corretaje por violaciones a las pr\u00e1cticas<br \/>de ventas de FINRA<\/span><\/h1>\n<div  class=\"divider\"><\/div>\n<p>Los bufetes de Klayman &amp; Toskes, PA y Carlo Law Offices est\u00e1n investigando las posibles violaciones a las reglas y reglamentos de la Autoridad Reguladora de la Industria Financiera (FINRA, por sus siglas en ingl\u00e9s), las cuales pudieron resultar en p\u00e9rdidas por sus clientes en los fondos de bonos cerrados y no comercializados de Puerto Rico, as\u00ed como en los bonos municipales de Puerto Rico. La investigaci\u00f3n en representaci\u00f3n de sus clientes se concentra en las posibles violaciones a las pr\u00e1cticas de ventas cometidas por UBS Financial Services Incorporated of Puerto Rico y sus asesores financieros, las cuales podr\u00edan dar lugar a una reclamaci\u00f3n de arbitraje de da\u00f1os en FINRA. Las alegadas violaciones a las pr\u00e1cticas de ventas que podr\u00edan resultar en reclamaciones de da\u00f1os por inversionistas puertorrique\u00f1os son, entre otras, las siguientes:<\/p>\n<ul>\n<li>Consejo de inversi\u00f3n inadecuado<\/li>\n<li>Tergiversaciones y omisiones de hechos materiales<\/li>\n<li>Pr\u00e9stamos y llamadas de margen (\u201cmargin calls\u201d) por UBS Bank<\/li>\n<li>Concentraci\u00f3n en bonos de Puerto Rico<\/li>\n<li>Incrementos\/ descuentos excesivos en los bonos municipales<\/li>\n<li>Conflictos de inter\u00e9s<\/li>\n<li>Incumplimiento del deber fiduciario<\/li>\n<li>Falta de supervisi\u00f3n<\/li>\n<li>Negligencia<\/li>\n<\/ul>\n<h3>Verifique las divulgaciones de su corredor o asesor financiero en FINRA<\/h3>\n<p>Con el inter\u00e9s de proteger a los inversionistas, la Autoridad Reguladora de la Industria Financiera (FINRA, por sus siglas en ingl\u00e9s), cre\u00f3 un portal cibern\u00e9tico para que los inversionistas puedan encontrar informaci\u00f3n p\u00fablica sobre el trasfondo profesional de las firmas de corretaje, as\u00ed como de los corredores de valores registrados con FINRA, ahora o en el pasado. El portal incluye a los asesores financieros registrados con firmas de asesor\u00eda en inversiones.<\/p>\n<p>La intenci\u00f3n de FINRA fue proveer informaci\u00f3n a los inversionistas para ayudarlos a decidir si deber\u00edan establecer una relaci\u00f3n con una casa de corretaje o corredor en particular, o continuar una relaci\u00f3n existente, a base de las divulgaciones actualizadas de la p\u00e1gina de Internet, \u201cFINRA Broker Check\u201d.<\/p>\n<p>De acuerdo a la p\u00e1gina de \u201cFINRA Broker Check\u201d, la informaci\u00f3n publicada proviene de un registro central conocido como el \u201cCentral Registration Depository\u201d (CRD\u00ae), que es la base de datos de registro y licenciamiento en l\u00ednea de la industria de valores. La informaci\u00f3n se obtiene a trav\u00e9s de formularios que los corredores, las firmas de corretaje y los reguladores completan como parte del proceso de registro y licenciamiento de la industria de valores. Las divulgaciones m\u00e1s recientes contienen informaci\u00f3n sobre corredores o firmas de corretaje de Puerto Rico, registrados con FINRA en la actualidad o en el pasado.<\/p>\n<p>Para m\u00e1s informaci\u00f3n sobre UBS Financial Services of Puerto Rico y sus asesores financieros, o para obtener cualquier informaci\u00f3n p\u00fablica sobre una casa de corretaje o asesor financiero, la <a href=\"http:\/\/brokercheck.finra.org\/Search\/Search.aspx\" target=\"_blank\" rel=\"nofollow noopener\">p\u00e1gina web de FINRA<\/a> contiene informaci\u00f3n respecto a:<\/p>\n<ul>\n<li>Historial de empleo;<\/li>\n<li>Licencias de valores obtenidas;<\/li>\n<li>Estados en los que posee licencia para hacer negocios;<\/li>\n<li>Problemas crediticios o de quiebras;<\/li>\n<li>Actividad externa al negocio;<\/li>\n<li>Acciones reguladoras; y<\/li>\n<li>Quejas de clientes.<\/li>\n<\/ul>\n<p>Los bufetes de Klayman &amp; Toskes, PA y Carlo Law Offices est\u00e1n investigando las posibles violaciones a las pr\u00e1cticas de ventas de FINRA, cometidas por UBS Financial Services of Puerto Rico y los siguientes asesores financieros, quienes podr\u00edan o no estar registrados en la actualidad con la firma de corretaje:<\/p>\n<h3>UBS Financial Services of Puerto Rico<\/h3>\n<table>\n<colgroup>\n<col width=\"315\" \/><\/colgroup>\n<tbody>\n<tr>\n<td><a href=\"http:\/\/brokercheck.finra.org\/Report\/Download\/34416866\" target=\"_blank\" rel=\"nofollow noopener\">Ram\u00f3n Manuel Almonte<\/a><\/td>\n<td>Miguel Antonio Ferrer<\/td>\n<\/tr>\n<tr>\n<td><a href=\"http:\/\/brokercheck.finra.org\/Report\/Download\/34416639\" target=\"_blank\" rel=\"nofollow noopener\">Javier A. L\u00f3pez<\/a><\/td>\n<td><a href=\"http:\/\/brokercheck.finra.org\/Report\/Download\/34412761\" target=\"_blank\" rel=\"nofollow noopener\">Jose M. Del Valle<\/a><\/td>\n<\/tr>\n<tr>\n<td><a href=\"http:\/\/brokercheck.finra.org\/Report\/Download\/34416517\" target=\"_blank\" rel=\"nofollow noopener\">Victor Tomassini<\/a><\/td>\n<td><a href=\"http:\/\/brokercheck.finra.org\/Report\/Download\/34417208\" target=\"_blank\" rel=\"nofollow noopener\">Alexandra Marie Amador<\/a><\/td>\n<\/tr>\n<tr>\n<td><a href=\"http:\/\/brokercheck.finra.org\/Report\/Download\/34416753\" target=\"_blank\" rel=\"nofollow noopener\">Fernando L. Castillo Rivera<\/a><\/td>\n<td><a href=\"http:\/\/brokercheck.finra.org\/Report\/Download\/34417317\" target=\"_blank\" rel=\"nofollow noopener\">Eduardo Gonz\u00e1lez<\/a><\/td>\n<\/tr>\n<tr>\n<td><a href=\"http:\/\/brokercheck.finra.org\/Report\/Download\/34419228\" target=\"_blank\" rel=\"nofollow noopener\">Cary Alsina Viera<\/a><\/td>\n<td><a href=\"http:\/\/brokercheck.finra.org\/Report\/Download\/34416187\" target=\"_blank\" rel=\"nofollow noopener\">Gustavo Miguel Mattei Zapata<\/a><\/td>\n<\/tr>\n<tr>\n<td><a href=\"http:\/\/brokercheck.finra.org\/Report\/Download\/34416475\" target=\"_blank\" rel=\"nofollow noopener\">David Jose Lugo<\/a><\/td>\n<td><a href=\"http:\/\/brokercheck.finra.org\/Report\/Download\/34417415\" target=\"_blank\" rel=\"nofollow noopener\">Nelson T. Rodriguez Fernandez<\/a><\/td>\n<\/tr>\n<tr>\n<td><a href=\"http:\/\/brokercheck.finra.org\/Report\/Download\/34417122\" target=\"_blank\" rel=\"nofollow noopener\">Luis F. Garcia<\/a><\/td>\n<td>Magda Broco<\/td>\n<\/tr>\n<tr>\n<td><a href=\"http:\/\/brokercheck.finra.org\/Individual\/Summary\/1519748\" target=\"_blank\" rel=\"nofollow noopener\">Jos\u00e9 Gabriel Ram\u00edrez Jr.<\/a><\/td>\n<td>Eric Snyder<\/td>\n<\/tr>\n<\/tbody>\n<\/table>\n\n\t\t<\/div> \n\t<\/div> \n\t\t<\/div> \n\t<\/div> \n\n\t<div class=\"vc_span4 wpb_column column_container col\" data-animation=\"\" data-delay=\"0\">\n\t\t<div class=\"wpb_wrapper\">\n\t\t\t\n\t<div id=\"fws_69f8cba684407\" class=\"wpb_row vc_row-fluid standard_section   \" style=\"padding-top: 0px; padding-bottom: 0px; \"><div class=\"col span_12 dark \">\n\t<div class=\"vc_span12 movable wpb_column column_container col boxed\" data-animation=\"\" data-delay=\"0\">\n\t\t<div class=\"wpb_wrapper\">\n\t\t\t\n\t<div class=\"wpb_text_column wpb_content_element \">\n\t\t<div class=\"wpb_wrapper\">\n\t\t\t<p><a href=\"http:\/\/bit.ly\/1EJfAWz\" target=\"_blank\" rel=\"nofollow noopener\"><img loading=\"lazy\" decoding=\"async\" class=\"aligncenter wp-image-696 size-full\" src=\"http:\/\/www.sueubspuertorico.com\/wp-content\/uploads\/2015\/04\/miguel-antonio-ferrer.png\" alt=\"Miguel Antonio Ferrer UBS Audio Tape\" width=\"297\" height=\"57\" \/><\/a><\/p>\n<p><center><\/center><\/p>\n\n\t\t<\/div> \n\t<\/div> \n\t<div class=\"wpb_text_column wpb_content_element \">\n\t\t<div class=\"wpb_wrapper\">\n\t\t\t<p><a href=\"http:\/\/bit.ly\/1zkgh5q\" target=\"_blank\" rel=\"nofollow noopener\"><img loading=\"lazy\" decoding=\"async\" class=\"aligncenter wp-image-697 size-full\" src=\"http:\/\/www.sueubspuertorico.com\/wp-content\/uploads\/2015\/04\/ramon-cholo-miguel-almonte.png\" alt=\"Ramon Cholo Miguel Almonte UBS Audio Tape\" width=\"297\" height=\"57\" \/><\/a><\/p>\n<p><center><\/center><br \/>\n<div  class=\"divider\"><\/div>\n\n\t\t<\/div> \n\t<\/div> \n\t<div class=\"wpb_text_column wpb_content_element  main-site\">\n\t\t<div class=\"wpb_wrapper\">\n\t\t\t<p><a href=\"http:\/\/www.nasd-law.com\">Visite nuestra p\u00e1gina principal<\/a><\/p>\n\n\t\t<\/div> \n\t<\/div> \n\t<div class=\"wpb_text_column wpb_content_element \">\n\t\t<div class=\"wpb_wrapper\">\n\t\t\t<div  class=\"divider\"><\/div>\n<h2>P\u00f3ngase en contacto con nosotros<\/h2>\n<hr \/>\n<div  class=\"divider\"><\/div>\n\n\t\t<\/div> \n\t<\/div> \n<div class=\"wpcf7 no-js\" id=\"wpcf7-f218-o1\" lang=\"es-ES\" dir=\"ltr\" data-wpcf7-id=\"218\">\n<div class=\"screen-reader-response\"><p role=\"status\" aria-live=\"polite\" aria-atomic=\"true\"><\/p> <ul><\/ul><\/div>\n<form action=\"\/es\/wp-json\/wp\/v2\/pages\/643#wpcf7-f218-o1\" method=\"post\" class=\"wpcf7-form init\" aria-label=\"Formulario de contacto\" novalidate=\"novalidate\" data-status=\"init\">\n<div style=\"display: none;\">\n<input type=\"hidden\" name=\"_wpcf7\" value=\"218\" \/>\n<input type=\"hidden\" name=\"_wpcf7_version\" value=\"6.0.6\" \/>\n<input type=\"hidden\" name=\"_wpcf7_locale\" value=\"es_ES\" \/>\n<input type=\"hidden\" name=\"_wpcf7_unit_tag\" value=\"wpcf7-f218-o1\" \/>\n<input type=\"hidden\" name=\"_wpcf7_container_post\" value=\"0\" \/>\n<input type=\"hidden\" name=\"_wpcf7_posted_data_hash\" value=\"\" \/>\n<\/div>\n<p><span class=\"wpcf7-form-control-wrap\" data-name=\"text-27\"><input size=\"40\" maxlength=\"400\" class=\"wpcf7-form-control wpcf7-text wpcf7-validates-as-required\" aria-required=\"true\" aria-invalid=\"false\" placeholder=\"Su Nombre *\" value=\"\" type=\"text\" name=\"text-27\" \/><\/span>\n<\/p>\n<p><span class=\"wpcf7-form-control-wrap\" data-name=\"text-581\"><input size=\"40\" maxlength=\"400\" class=\"wpcf7-form-control wpcf7-text wpcf7-validates-as-required\" aria-required=\"true\" aria-invalid=\"false\" placeholder=\"Su Apellido *\" value=\"\" type=\"text\" name=\"text-581\" \/><\/span>\n<\/p>\n<p><span class=\"wpcf7-form-control-wrap\" data-name=\"your-email\"><input size=\"40\" maxlength=\"400\" class=\"wpcf7-form-control wpcf7-email wpcf7-validates-as-required wpcf7-text wpcf7-validates-as-email\" aria-required=\"true\" aria-invalid=\"false\" placeholder=\"Su e-mail *\" value=\"\" type=\"email\" name=\"your-email\" \/><\/span>\n<\/p>\n<p><span class=\"wpcf7-form-control-wrap\" data-name=\"tel-405\"><input size=\"40\" maxlength=\"400\" class=\"wpcf7-form-control wpcf7-tel wpcf7-validates-as-required wpcf7-text wpcf7-validates-as-tel\" aria-required=\"true\" aria-invalid=\"false\" placeholder=\"N\u00famero de tel\u00e9fono *\" value=\"\" type=\"tel\" name=\"tel-405\" \/><\/span>\n<\/p>\n<p><span class=\"wpcf7-form-control-wrap\" data-name=\"text-305\"><input size=\"40\" maxlength=\"400\" class=\"wpcf7-form-control wpcf7-text\" aria-invalid=\"false\" placeholder=\"Ciudad\" value=\"\" type=\"text\" name=\"text-305\" \/><\/span>\n<\/p>\n<p><span class=\"wpcf7-form-control-wrap\" data-name=\"menu-657\"><select class=\"wpcf7-form-control wpcf7-select\" aria-invalid=\"false\" name=\"menu-657\"><option value=\"Estado\">Estado<\/option><option value=\"Alabama\">Alabama<\/option><option value=\"Alaska\">Alaska<\/option><option value=\"American Samoa\">American Samoa<\/option><option value=\"Arizona\">Arizona<\/option><option value=\"Arkansas\">Arkansas<\/option><option value=\"California\">California<\/option><option value=\"Colorado\">Colorado<\/option><option value=\"Connecticut\">Connecticut<\/option><option value=\"Delaware\">Delaware<\/option><option value=\"District of Columbia\">District of Columbia<\/option><option value=\"Florida\">Florida<\/option><option value=\"Georgia\">Georgia<\/option><option value=\"Guam\">Guam<\/option><option value=\"Hawaii\">Hawaii<\/option><option value=\"Idaho\">Idaho<\/option><option value=\"Illinois\">Illinois<\/option><option value=\"Indiana\">Indiana<\/option><option value=\"Iowa\">Iowa<\/option><option value=\"Kansas\">Kansas<\/option><option value=\"Kentucky\">Kentucky<\/option><option value=\"Louisiana\">Louisiana<\/option><option value=\"Maine\">Maine<\/option><option value=\"Maryland\">Maryland<\/option><option value=\"Massachusetts\">Massachusetts<\/option><option value=\"Michigan\">Michigan<\/option><option value=\"Minnesota\">Minnesota<\/option><option value=\"Mississippi\">Mississippi<\/option><option value=\"Missouri\">Missouri<\/option><option value=\"Montana\">Montana<\/option><option value=\"Nebraska\">Nebraska<\/option><option value=\"Nevada\">Nevada<\/option><option value=\"New Hampshire\">New Hampshire<\/option><option value=\"New Jersey\">New Jersey<\/option><option value=\"New Mexico\">New Mexico<\/option><option value=\"New York\">New York<\/option><option value=\"North Carolina\">North Carolina<\/option><option value=\"North Dakota\">North Dakota<\/option><option value=\"Northern Marianas Islands\">Northern Marianas Islands<\/option><option value=\"Ohio\">Ohio<\/option><option value=\"Oklahoma\">Oklahoma<\/option><option value=\"Oregon\">Oregon<\/option><option value=\"Pennsylvania\">Pennsylvania<\/option><option value=\"Puerto Rico\">Puerto Rico<\/option><option value=\"Rhode Island\">Rhode Island<\/option><option value=\"South Carolina\">South Carolina<\/option><option value=\"South Dakota\">South Dakota<\/option><option value=\"Tennessee\">Tennessee<\/option><option value=\"Texas\">Texas<\/option><option value=\"Utah\">Utah<\/option><option value=\"Vermont\">Vermont<\/option><option value=\"Virginia\">Virginia<\/option><option value=\"Virgin Islands\">Virgin Islands<\/option><option value=\"Washington\">Washington<\/option><option value=\"West Virginia\">West Virginia<\/option><option value=\"Wisconsin\">Wisconsin<\/option><option value=\"Wyoming\">Wyoming<\/option><\/select><\/span>\n<\/p>\n<p><span class=\"wpcf7-form-control-wrap\" data-name=\"text-307\"><input size=\"40\" maxlength=\"400\" class=\"wpcf7-form-control wpcf7-text\" aria-invalid=\"false\" placeholder=\"Cantidad invertida\" value=\"\" type=\"text\" name=\"text-307\" \/><\/span>\n<\/p>\n<p><span class=\"wpcf7-form-control-wrap\" data-name=\"your-message\"><textarea cols=\"40\" rows=\"4\" maxlength=\"2000\" class=\"wpcf7-form-control wpcf7-textarea\" aria-invalid=\"false\" placeholder=\"Porfavor, prov\u00e9anos informaci\u00f3n adicional que usted entienda es relevante a su caso\" name=\"your-message\"><\/textarea><\/span>\n<\/p>\n<div class=\"col span_12 centered-text\">\n\t<p><input type=\"hidden\" name=\"_wpcf7_captcha_challenge_captcha-137\" value=\"2253015550\" \/><img loading=\"lazy\" decoding=\"async\" class=\"wpcf7-form-control wpcf7-captchac wpcf7-captcha-captcha-137\" width=\"72\" height=\"24\" alt=\"captcha\" src=\"http:\/\/www.sueubspuertorico.com\/wp-content\/uploads\/wpcf7_captcha\/2253015550.png\" \/>\n\t<\/p>\n\t<p><span class=\"wpcf7-form-control-wrap\" data-name=\"captcha-137\"><input size=\"40\" class=\"wpcf7-form-control wpcf7-captchar\" autocomplete=\"off\" aria-invalid=\"false\" placeholder=\"C\u00f3digo de verificaci\u00f3n\" value=\"\" type=\"text\" name=\"captcha-137\" \/><\/span>\n\t<\/p>\n<\/div>\n<div class=\"col span_12 centered-text\">\n\t<p><input class=\"wpcf7-form-control wpcf7-submit has-spinner\" type=\"submit\" value=\"Enviar\" \/>\n\t<\/p>\n<\/div><div class=\"wpcf7-response-output\" aria-hidden=\"true\"><\/div>\n<\/form>\n<\/div>\n\n\t\t<\/div> \n\t<\/div> \n<\/div><\/div>\n\t<div id=\"fws_69f8cba68537b\" class=\"wpb_row vc_row-fluid standard_section   \" style=\"padding-top: 0px; padding-bottom: 0px; \"><div class=\"col span_12 dark \">\n\t<div class=\"vc_span12 wpb_column column_container col\" data-animation=\"\" data-delay=\"0\">\n\t\t<div class=\"wpb_wrapper\">\n\t\t\t\n\t<div class=\"wpb_text_column wpb_content_element \">\n\t\t<div class=\"wpb_wrapper\">\n\t\t\t<div  class=\"divider\"><\/div>\n<h4 style=\"text-align: center;\">Visite nuestra otra pagina para recuperar las p\u00e9rdidas en bonos y fondos de bonos de Puerto Rico<\/h4>\n<p style=\"text-align: center;\"><div  class=\"divider\"><\/div>\n<p style=\"text-align: center;\"><a class=\"nectar-button large extra-color-1\" target=\"_blank\" href=\"http:\/\/www.perdidasenbonospr.com\">perdidasenbonospr.com<\/a><\/p>\n\n\t\t<\/div> \n\t<\/div> \n\t\t<\/div> \n\t<\/div> \n<\/div><\/div>\n\t\t<\/div> \n\t<\/div> \n<\/div><\/div>\n\t<div id=\"fws_69f8cba68558b\" class=\"wpb_row vc_row-fluid full-width-section standard_section   \" style=\"background-color: #ffffff; padding-top: 20px; padding-bottom: 40px; \"><div class=\"col span_12 dark left\">\n\t<div class=\"vc_span12 wpb_column column_container col\" data-animation=\"\" data-delay=\"0\">\n\t\t<div class=\"wpb_wrapper\">\n\t\t\t\n\t<div class=\"wpb_text_column wpb_content_element \">\n\t\t<div class=\"wpb_wrapper\">\n\t\t\t<p>\u00a0<\/p>\n<div style=\"max-width: 800px; margin: 0 auto; font-size: 17px; font-weight: bold; text-align: center; border-top: 4px solid #195799; padding-top: 20px;\">Para obtener m\u00e1s informaci\u00f3n sobre c\u00f3mo iniciar un reclamo, o para averiguar si usted tiene una reclamaci\u00f3n, por favor p\u00f3ngase en contacto con nuestro bufete de abogados, sin costo, al (787) 919-7325, para una consulta gratuita.<\/div>\n\n\t\t<\/div> \n\t<\/div> \n\t\t<\/div> \n\t<\/div> \n<\/div><\/div>\n\t<div id=\"fws_69f8cba685696\" class=\"wpb_row vc_row-fluid full-width-section standard_section contact-bottom  \" style=\"background-color: #f2f2f2; padding-top: 30px; padding-bottom: 30px; \"><div class=\"col span_12 dark left\">\n\t<div class=\"vc_span4 wpb_column column_container col\" data-animation=\"\" data-delay=\"0\">\n\t\t<div class=\"wpb_wrapper\">\n\t\t\t\n\t<div class=\"wpb_text_column wpb_content_element \">\n\t\t<div class=\"wpb_wrapper\">\n\t\t\t<h2><a href=\"http:\/\/sueubspuertorico.com\/es\/contactar-abogado-recuperacion-perdidas-ubs\/\">Cont\u00e1ctenos<\/a><\/h2>\n\n\t\t<\/div> \n\t<\/div> \n\t\t<\/div> \n\t<\/div> \n\n\t<div class=\"vc_span4 wpb_column column_container col\" data-animation=\"\" data-delay=\"0\">\n\t\t<div class=\"wpb_wrapper\">\n\t\t\t\n\t<div class=\"wpb_text_column wpb_content_element \">\n\t\t<div class=\"wpb_wrapper\">\n\t\t\t<h2><a href=\"tel:7879197325\"><i class=\"icon-default-style icon-phone accent-color\"><\/i> (787) 919-7325<\/a><\/h2>\n\n\t\t<\/div> \n\t<\/div> \n\t\t<\/div> \n\t<\/div> \n\n\t<div class=\"vc_span4 wpb_column column_container col\" data-animation=\"\" data-delay=\"0\">\n\t\t<div class=\"wpb_wrapper\">\n\t\t\t\n\t<div class=\"wpb_text_column wpb_content_element \">\n\t\t<div class=\"wpb_wrapper\">\n\t\t\t<h2><a href=\"mailto:info@nasd-law.com\"><i class=\"icon-default-style icon-envelope accent-color\"><\/i> info@nasd-law.com<\/a><\/h2>\n\n\t\t<\/div> \n\t<\/div> \n\t\t<\/div> \n\t<\/div> \n<\/div><\/div>\n\t<div id=\"fws_69f8cba68580e\" class=\"wpb_row vc_row-fluid full-width-section standard_section   \" style=\"background-color: #313233; padding-top: 60px; padding-bottom: 60px; color: #cccccc; \"><div class=\"col span_12 custom left\">\n\t<div class=\"vc_span3 wpb_column column_container col\" data-animation=\"\" data-delay=\"0\">\n\t\t<div class=\"wpb_wrapper\">\n\t\t\t\n\t<div class=\"wpb_text_column wpb_content_element \">\n\t\t<div class=\"wpb_wrapper\">\n\t\t\t<div class=\"wv-footer\">\n<h4>BOCA RATON, FL<\/h4>\n<\/div>\n\n\t\t<\/div> \n\t<\/div> <img decoding=\"async\" class=\"img-with-animation \" data-delay=\"0\" data-animation=\"fade-in\" src=\"\" alt=\"\" \/>\n\t<div class=\"wpb_text_column wpb_content_element \">\n\t\t<div class=\"wpb_wrapper\">\n\t\t\t<div  class=\"divider\"><\/div>\n<p>1200 Corporate Place<br \/>1200 N. Federal Hwy, Suite 200<br \/>Boca Raton, FL 33432<br \/>Phone: (561) 997 \u2013 9956<\/p>\n\n\t\t<\/div> \n\t<\/div> \n\t\t<\/div> \n\t<\/div> \n\n\t<div class=\"vc_span3 wpb_column column_container col\" data-animation=\"\" data-delay=\"0\">\n\t\t<div class=\"wpb_wrapper\">\n\t\t\t\n\t<div class=\"wpb_text_column wpb_content_element \">\n\t\t<div class=\"wpb_wrapper\">\n\t\t\t<div class=\"wv-footer\">\n<h4>NEW YORK, NY<\/h4>\n<\/div>\n\n\t\t<\/div> \n\t<\/div> <img decoding=\"async\" class=\"img-with-animation \" data-delay=\"0\" data-animation=\"fade-in\" src=\"\" alt=\"\" \/>\n\t<div class=\"wpb_text_column wpb_content_element \">\n\t\t<div class=\"wpb_wrapper\">\n\t\t\t<div  class=\"divider\"><\/div>\n<p>Chanin Building at Grand Central Terminal<br \/>380 Lexington Avenue, 17th Floor<br \/>New York, New York 10168<br \/>Phone: (212) 269 \u2013 9956<br \/>(s\u00f3lo con cita previa)<\/p>\n\n\t\t<\/div> \n\t<\/div> \n\t\t<\/div> \n\t<\/div> \n\n\t<div class=\"vc_span3 wpb_column column_container col\" data-animation=\"\" data-delay=\"0\">\n\t\t<div class=\"wpb_wrapper\">\n\t\t\t\n\t<div class=\"wpb_text_column wpb_content_element \">\n\t\t<div class=\"wpb_wrapper\">\n\t\t\t<div class=\"wv-footer\">\n<h4>NEWPORT BEACH, CA<\/h4>\n<\/div>\n\n\t\t<\/div> \n\t<\/div> <img decoding=\"async\" class=\"img-with-animation \" data-delay=\"0\" data-animation=\"fade-in\" src=\"\" alt=\"\" \/>\n\t<div class=\"wpb_text_column wpb_content_element \">\n\t\t<div class=\"wpb_wrapper\">\n\t\t\t<div  class=\"divider\"><\/div>\n<p>4675 MacArthur Court, Suite 550<br \/>Newport Beach, California 92660<\/p>\n<p>Phone: (949) 721-9956<br \/>(s\u00f3lo con cita previa)<\/p>\n\n\t\t<\/div> \n\t<\/div> \n\t\t<\/div> \n\t<\/div> \n\n\t<div class=\"vc_span3 wpb_column column_container col\" data-animation=\"\" data-delay=\"0\">\n\t\t<div class=\"wpb_wrapper\">\n\t\t\t\n\t<div class=\"wpb_text_column wpb_content_element \">\n\t\t<div class=\"wpb_wrapper\">\n\t\t\t<div class=\"wv-footer\">\n<h4>SAN JUAN, PUERTO RICO<\/h4>\n<\/div>\n\n\t\t<\/div> \n\t<\/div> <img decoding=\"async\" class=\"img-with-animation \" data-delay=\"0\" data-animation=\"fade-in\" src=\"\" alt=\"\" \/>\n\t<div class=\"wpb_text_column wpb_content_element \">\n\t\t<div class=\"wpb_wrapper\">\n\t\t\t<div  class=\"divider\"><\/div>\n<p>American Airlines Building<br \/>1509 Lopez Landron St. -PH<br \/>San Juan, PR 00911<br \/>Phone: (787) 919-7325<br \/>(s\u00f3lo con cita previa)<\/p>\n\n\t\t<\/div> \n\t<\/div> \n\t\t<\/div> \n\t<\/div> \n<\/div><\/div>\n<p>\u00a0<\/p>\n\n\n<p><\/p>\n","protected":false},"excerpt":{"rendered":"<p>\u00a0<\/p>\n","protected":false},"author":3,"featured_media":0,"parent":641,"menu_order":2,"comment_status":"open","ping_status":"closed","template":"","meta":{"footnotes":""},"class_list":["post-643","page","type-page","status-publish","hentry"],"aioseo_notices":[],"_links":{"self":[{"href":"http:\/\/www.sueubspuertorico.com\/es\/wp-json\/wp\/v2\/pages\/643","targetHints":{"allow":["GET"]}}],"collection":[{"href":"http:\/\/www.sueubspuertorico.com\/es\/wp-json\/wp\/v2\/pages"}],"about":[{"href":"http:\/\/www.sueubspuertorico.com\/es\/wp-json\/wp\/v2\/types\/page"}],"author":[{"embeddable":true,"href":"http:\/\/www.sueubspuertorico.com\/es\/wp-json\/wp\/v2\/users\/3"}],"replies":[{"embeddable":true,"href":"http:\/\/www.sueubspuertorico.com\/es\/wp-json\/wp\/v2\/comments?post=643"}],"version-history":[{"count":12,"href":"http:\/\/www.sueubspuertorico.com\/es\/wp-json\/wp\/v2\/pages\/643\/revisions"}],"predecessor-version":[{"id":1523,"href":"http:\/\/www.sueubspuertorico.com\/es\/wp-json\/wp\/v2\/pages\/643\/revisions\/1523"}],"up":[{"embeddable":true,"href":"http:\/\/www.sueubspuertorico.com\/es\/wp-json\/wp\/v2\/pages\/641"}],"wp:attachment":[{"href":"http:\/\/www.sueubspuertorico.com\/es\/wp-json\/wp\/v2\/media?parent=643"}],"curies":[{"name":"wp","href":"https:\/\/api.w.org\/{rel}","templated":true}]}}