{"id":279,"date":"2014-03-11T23:30:28","date_gmt":"2014-03-11T23:30:28","guid":{"rendered":"http:\/\/www.perdidasenbonospr.com\/?page_id=279"},"modified":"2021-07-01T02:28:18","modified_gmt":"2021-07-01T02:28:18","slug":"preguntas-frecuentes-perdidas-fondos-bonos-puerto-rico","status":"publish","type":"page","link":"http:\/\/www.sueubspuertorico.com\/es\/preguntas-frecuentes-perdidas-fondos-bonos-puerto-rico\/","title":{"rendered":"FAQ &#8211; Espanol"},"content":{"rendered":"\n\t<div id=\"fws_69f8cbd1090b1\" class=\"wpb_row vc_row-fluid full-width-section standard_section   \" style=\"padding-top: 0px; padding-bottom: 0px; \"><div class=\"col span_12 dark left\">\n\t<div class=\"vc_span12 wpb_column column_container col\" data-animation=\"\" data-delay=\"0\">\n\t\t<div class=\"wpb_wrapper\">\n\t\t\t<div style=\"height: 525px\" data-fullscreen=\"false\" data-autorotate=\"\" data-parallax=\"false\" data-full-width=\"true\" class=\"nectar-slider-wrap \" id=\"ns-id-69f8cbd1091dd\">\n\t\t<div style=\"height: 525px\" class=\"swiper-container\" data-loop=\"false\" data-height=\"525\" data-arrows=\"false\" data-bullets=\"false\" data-desktop-swipe=\"false\" data-settings=\"\">\n\t\t\t    <div class=\"swiper-wrapper\"><div class=\"swiper-slide\" style=\"background-image: url(http:\/\/www.sueubspuertorico.com\/wp-content\/uploads\/2021\/07\/ubs-financial-puerto-rico-bond-fund-loss.jpg);\" data-bg-alignment=\"center\" data-color-scheme=\"light\" data-x-pos=\"left\" data-y-pos=\"middle\"> \n\t\t\t\t\t\t\t<div class=\"container\">\n\t\t\t\t\t\t\t\t<div class=\"content\"><p class=\"transparent-bg\" ><span>Representing Clients From All Over the World<\/span><\/p><\/div>\n\t\t\t\t\t\t\t<\/div><!--\/container--><\/div><!--\/swiper-slide--><\/div><div class=\"nectar-slider-loading\"><\/div> <\/div> \n\t\t\t\n\t\t<\/div>\n\t\t<\/div> \n\t<\/div> \n<\/div><\/div>\n\t<div id=\"fws_69f8cbd109c98\" class=\"wpb_row vc_row-fluid full-width-section standard_section contact-top  \" style=\"background-color: #f2f2f2; padding-top: 30px; padding-bottom: 30px; \"><div class=\"col span_12 dark left\">\n\t<div class=\"vc_span4 wpb_column column_container col\" data-animation=\"\" data-delay=\"0\">\n\t\t<div class=\"wpb_wrapper\">\n\t\t\t\n\t<div class=\"wpb_text_column wpb_content_element \">\n\t\t<div class=\"wpb_wrapper\">\n\t\t\t<h2 style=\"text-align: center;\">Cont\u00e1ctenos<\/h2>\n\n\t\t<\/div> \n\t<\/div> \n\t\t<\/div> \n\t<\/div> \n\n\t<div class=\"vc_span4 wpb_column column_container col\" data-animation=\"\" data-delay=\"0\">\n\t\t<div class=\"wpb_wrapper\">\n\t\t\t\n\t<div class=\"wpb_text_column wpb_content_element \">\n\t\t<div class=\"wpb_wrapper\">\n\t\t\t<h2 style=\"text-align: center;\"><a href=\"tel:7872686444\"><i class=\"icon-default-style icon-phone accent-color\"><\/i> (787)\u00a0268-6444<\/a><\/h2>\n\n\t\t<\/div> \n\t<\/div> \n\t\t<\/div> \n\t<\/div> \n\n\t<div class=\"vc_span4 wpb_column column_container col\" data-animation=\"\" data-delay=\"0\">\n\t\t<div class=\"wpb_wrapper\">\n\t\t\t\n\t<div class=\"wpb_text_column wpb_content_element \">\n\t\t<div class=\"wpb_wrapper\">\n\t\t\t<h2 style=\"text-align: center;\"><a href=\"mailto:info@nasd-law.com\"><i class=\"icon-default-style icon-envelope accent-color\"><\/i> info@nasd-law.com<\/a><\/h2>\n\n\t\t<\/div> \n\t<\/div> \n\t\t<\/div> \n\t<\/div> \n<\/div><\/div>\n\t<div id=\"fws_69f8cbd109f68\" class=\"wpb_row vc_row-fluid full-width-section standard_section   \" style=\"background-color: #ffffff; padding-top: 30px; padding-bottom: 50px; \"><div class=\"col span_12 dark left\">\n\t<div class=\"vc_span8 wpb_column column_container col\" data-animation=\"\" data-delay=\"0\">\n\t\t<div class=\"wpb_wrapper\">\n\t\t\t\n\t<div class=\"wpb_text_column wpb_content_element \">\n\t\t<div class=\"wpb_wrapper\">\n\t\t\t<h1 style=\"text-align: center;\">Preguntas frecuentes sobre p\u00e9rdidas en Fondos de Bonos de Puerto Rico<\/h1>\n<div  class=\"divider\"><\/div>\n<h4>\u00bfMi demanda se presenta ante un tribunal en especial?<\/h4>\n<hr \/>\n<p style=\"text-align: justify;\">No. Las reclamaciones manejadas por nuestra firma en favor de inversionistas que sufrieron p\u00e9rdidas en bonos y fondos de bonos de Puerto Rico no est\u00e1n siendo presentadas en un tribunal estatal o federal, sino con el departamento de arbitraje de la Autoridad Reguladora de la Industria Financiera, tambi\u00e9n conocido como FINRA (por sus singlas en ingl\u00e9s). FINRA es una organizaci\u00f3n de autorregulaci\u00f3n que rige la industria de valores en los Estados Unidos y Puerto Rico. Casas de corretaje de servicio completo tales como UBS Financial Services Incorporated of Puerto Rico, Santander Securities y Merrill Lynch son miembros de FINRA y, por consiguiente, est\u00e1n sujetas a su jurisdicci\u00f3n.<\/p>\n<h4>Yo vivo en Puerto Rico. Aun as\u00ed, \u00bfpuede Klayman y Toskes representarme?<\/h4>\n<hr \/>\n<p style=\"text-align: justify;\">S\u00ed; nuestro bufete tiene entre sus integrantes y equipo a un abogado licenciado en la jurisdicci\u00f3n del Estado Libre Asociado de Puerto Rico, y, adem\u00e1s, tenemos como abogado local al Lcdo. Osvaldo Carlo de Carlo Law Offices, en San Juan, PR.<\/p>\n<h4>\u00bfC\u00f3mo difiere el arbitraje a la v\u00eda judicial tradicional?<\/h4>\n<hr \/>\n<p style=\"text-align: justify;\">El arbitraje es un m\u00e9todo r\u00e1pido, justo y relativamente barato de soluci\u00f3n de controversias. Los interrogatorios no se permiten, y el uso de las deposiciones es extremadamente limitado. Ante el tribunal, el litigio puede prolongarse durante 4 o 5 a\u00f1os, incluso antes de llegar al nivel de apelaci\u00f3n. El arbitraje concluye normalmente dentro de 2 a\u00f1os, y los derechos de apelaci\u00f3n son pr\u00e1cticamente inexistentes.<\/p>\n<h4>\u00bfC\u00f3mo Klayman y Toskes obtiene compensaci\u00f3n?<\/h4>\n<hr \/>\n<p style=\"text-align: justify;\">Nuestro bufete de abogados representa a clientes a contingencia. En otras palabras, si no le recuperamos dinero, usted no nos tiene que pagar honorarios.<\/p>\n<h3>Si usted tiene alguna pregunta adicional, por favor comun\u00edquese con nosotros al (787) 919 -7325.<\/h3>\n\n\t\t<\/div> \n\t<\/div> \n\t<div class=\"wpb_text_column wpb_content_element \">\n\t\t<div class=\"wpb_wrapper\">\n\t\t\t<div style=\"height: 50px;\" class=\"divider\"><\/div>\n<h4 style=\"text-align: center;\">Visite nuestra otra pagina para recuperar las p\u00e9rdidas en bonos y fondos de bonos de Puerto Rico<\/h4>\n<p style=\"text-align: center;\"><div  class=\"divider\"><\/div>\n<p style=\"text-align: center;\"><a class=\"nectar-button large extra-color-1\"  href=\"http:\/\/www.perdidasenbonospr.com\/\">perdidasenbonospr.com<\/a><\/p>\n\n\t\t<\/div> \n\t<\/div> \n\t\t<\/div> \n\t<\/div> \n\n\t<div class=\"vc_span4 movable wpb_column column_container col boxed\" data-animation=\"\" data-delay=\"0\">\n\t\t<div class=\"wpb_wrapper\">\n\t\t\t\n\t<div class=\"wpb_text_column wpb_content_element  main-site\">\n\t\t<div class=\"wpb_wrapper\">\n\t\t\t<p><a href=\"http:\/\/www.nasd-law.com\" target=\"_blank\" rel=\"noopener\">Visite nuestra p\u00e1gina principal<\/a><\/p>\n\n\t\t<\/div> \n\t<\/div> \n\t<div class=\"wpb_text_column wpb_content_element \">\n\t\t<div class=\"wpb_wrapper\">\n\t\t\t<div  class=\"divider\"><\/div>\n<h2>P\u00f3ngase en contacto con nosotros<\/h2>\n<hr \/>\n<div  class=\"divider\"><\/div>\n\n\t\t<\/div> \n\t<\/div> \n<div class=\"wpcf7 no-js\" id=\"wpcf7-f218-o1\" lang=\"es-ES\" dir=\"ltr\" data-wpcf7-id=\"218\">\n<div class=\"screen-reader-response\"><p role=\"status\" aria-live=\"polite\" aria-atomic=\"true\"><\/p> <ul><\/ul><\/div>\n<form action=\"\/es\/wp-json\/wp\/v2\/pages\/279#wpcf7-f218-o1\" method=\"post\" class=\"wpcf7-form init\" aria-label=\"Formulario de contacto\" novalidate=\"novalidate\" data-status=\"init\">\n<div style=\"display: none;\">\n<input type=\"hidden\" name=\"_wpcf7\" value=\"218\" \/>\n<input type=\"hidden\" name=\"_wpcf7_version\" value=\"6.0.6\" \/>\n<input type=\"hidden\" name=\"_wpcf7_locale\" value=\"es_ES\" \/>\n<input type=\"hidden\" name=\"_wpcf7_unit_tag\" value=\"wpcf7-f218-o1\" \/>\n<input type=\"hidden\" name=\"_wpcf7_container_post\" value=\"0\" \/>\n<input type=\"hidden\" name=\"_wpcf7_posted_data_hash\" value=\"\" \/>\n<\/div>\n<p><span class=\"wpcf7-form-control-wrap\" data-name=\"text-27\"><input size=\"40\" maxlength=\"400\" class=\"wpcf7-form-control wpcf7-text wpcf7-validates-as-required\" aria-required=\"true\" aria-invalid=\"false\" placeholder=\"Su Nombre *\" value=\"\" type=\"text\" name=\"text-27\" \/><\/span>\n<\/p>\n<p><span class=\"wpcf7-form-control-wrap\" data-name=\"text-581\"><input size=\"40\" maxlength=\"400\" class=\"wpcf7-form-control wpcf7-text wpcf7-validates-as-required\" aria-required=\"true\" aria-invalid=\"false\" placeholder=\"Su Apellido *\" value=\"\" type=\"text\" name=\"text-581\" \/><\/span>\n<\/p>\n<p><span class=\"wpcf7-form-control-wrap\" data-name=\"your-email\"><input size=\"40\" maxlength=\"400\" class=\"wpcf7-form-control wpcf7-email wpcf7-validates-as-required wpcf7-text wpcf7-validates-as-email\" aria-required=\"true\" aria-invalid=\"false\" placeholder=\"Su e-mail *\" value=\"\" type=\"email\" name=\"your-email\" \/><\/span>\n<\/p>\n<p><span class=\"wpcf7-form-control-wrap\" data-name=\"tel-405\"><input size=\"40\" maxlength=\"400\" class=\"wpcf7-form-control wpcf7-tel wpcf7-validates-as-required wpcf7-text wpcf7-validates-as-tel\" aria-required=\"true\" aria-invalid=\"false\" placeholder=\"N\u00famero de tel\u00e9fono *\" value=\"\" type=\"tel\" name=\"tel-405\" \/><\/span>\n<\/p>\n<p><span class=\"wpcf7-form-control-wrap\" data-name=\"text-305\"><input size=\"40\" maxlength=\"400\" class=\"wpcf7-form-control wpcf7-text\" aria-invalid=\"false\" placeholder=\"Ciudad\" value=\"\" type=\"text\" name=\"text-305\" \/><\/span>\n<\/p>\n<p><span class=\"wpcf7-form-control-wrap\" data-name=\"menu-657\"><select class=\"wpcf7-form-control wpcf7-select\" aria-invalid=\"false\" name=\"menu-657\"><option value=\"Estado\">Estado<\/option><option value=\"Alabama\">Alabama<\/option><option value=\"Alaska\">Alaska<\/option><option value=\"American Samoa\">American Samoa<\/option><option value=\"Arizona\">Arizona<\/option><option value=\"Arkansas\">Arkansas<\/option><option value=\"California\">California<\/option><option value=\"Colorado\">Colorado<\/option><option value=\"Connecticut\">Connecticut<\/option><option value=\"Delaware\">Delaware<\/option><option value=\"District of Columbia\">District of Columbia<\/option><option value=\"Florida\">Florida<\/option><option value=\"Georgia\">Georgia<\/option><option value=\"Guam\">Guam<\/option><option value=\"Hawaii\">Hawaii<\/option><option value=\"Idaho\">Idaho<\/option><option value=\"Illinois\">Illinois<\/option><option value=\"Indiana\">Indiana<\/option><option value=\"Iowa\">Iowa<\/option><option value=\"Kansas\">Kansas<\/option><option value=\"Kentucky\">Kentucky<\/option><option value=\"Louisiana\">Louisiana<\/option><option value=\"Maine\">Maine<\/option><option value=\"Maryland\">Maryland<\/option><option value=\"Massachusetts\">Massachusetts<\/option><option value=\"Michigan\">Michigan<\/option><option value=\"Minnesota\">Minnesota<\/option><option value=\"Mississippi\">Mississippi<\/option><option value=\"Missouri\">Missouri<\/option><option value=\"Montana\">Montana<\/option><option value=\"Nebraska\">Nebraska<\/option><option value=\"Nevada\">Nevada<\/option><option value=\"New Hampshire\">New Hampshire<\/option><option value=\"New Jersey\">New Jersey<\/option><option value=\"New Mexico\">New Mexico<\/option><option value=\"New York\">New York<\/option><option value=\"North Carolina\">North Carolina<\/option><option value=\"North Dakota\">North Dakota<\/option><option value=\"Northern Marianas Islands\">Northern Marianas Islands<\/option><option value=\"Ohio\">Ohio<\/option><option value=\"Oklahoma\">Oklahoma<\/option><option value=\"Oregon\">Oregon<\/option><option value=\"Pennsylvania\">Pennsylvania<\/option><option value=\"Puerto Rico\">Puerto Rico<\/option><option value=\"Rhode Island\">Rhode Island<\/option><option value=\"South Carolina\">South Carolina<\/option><option value=\"South Dakota\">South Dakota<\/option><option value=\"Tennessee\">Tennessee<\/option><option value=\"Texas\">Texas<\/option><option value=\"Utah\">Utah<\/option><option value=\"Vermont\">Vermont<\/option><option value=\"Virginia\">Virginia<\/option><option value=\"Virgin Islands\">Virgin Islands<\/option><option value=\"Washington\">Washington<\/option><option value=\"West Virginia\">West Virginia<\/option><option value=\"Wisconsin\">Wisconsin<\/option><option value=\"Wyoming\">Wyoming<\/option><\/select><\/span>\n<\/p>\n<p><span class=\"wpcf7-form-control-wrap\" data-name=\"text-307\"><input size=\"40\" maxlength=\"400\" class=\"wpcf7-form-control wpcf7-text\" aria-invalid=\"false\" placeholder=\"Cantidad invertida\" value=\"\" type=\"text\" name=\"text-307\" \/><\/span>\n<\/p>\n<p><span class=\"wpcf7-form-control-wrap\" data-name=\"your-message\"><textarea cols=\"40\" rows=\"4\" maxlength=\"2000\" class=\"wpcf7-form-control wpcf7-textarea\" aria-invalid=\"false\" placeholder=\"Porfavor, prov\u00e9anos informaci\u00f3n adicional que usted entienda es relevante a su caso\" name=\"your-message\"><\/textarea><\/span>\n<\/p>\n<div class=\"col span_12 centered-text\">\n\t<p><input type=\"hidden\" name=\"_wpcf7_captcha_challenge_captcha-137\" value=\"1615469499\" \/><img loading=\"lazy\" decoding=\"async\" class=\"wpcf7-form-control wpcf7-captchac wpcf7-captcha-captcha-137\" width=\"72\" height=\"24\" alt=\"captcha\" src=\"http:\/\/www.sueubspuertorico.com\/wp-content\/uploads\/wpcf7_captcha\/1615469499.png\" \/>\n\t<\/p>\n\t<p><span class=\"wpcf7-form-control-wrap\" data-name=\"captcha-137\"><input size=\"40\" class=\"wpcf7-form-control wpcf7-captchar\" autocomplete=\"off\" aria-invalid=\"false\" placeholder=\"C\u00f3digo de verificaci\u00f3n\" value=\"\" type=\"text\" name=\"captcha-137\" \/><\/span>\n\t<\/p>\n<\/div>\n<div class=\"col span_12 centered-text\">\n\t<p><input class=\"wpcf7-form-control wpcf7-submit has-spinner\" type=\"submit\" value=\"Enviar\" \/>\n\t<\/p>\n<\/div><div class=\"wpcf7-response-output\" aria-hidden=\"true\"><\/div>\n<\/form>\n<\/div>\n\n\t\t<\/div> \n\t<\/div> \n<\/div><\/div>\n\t<div id=\"fws_69f8cbd10af20\" class=\"wpb_row vc_row-fluid full-width-section standard_section   \" style=\"background-color: #ffffff; padding-top: 20px; padding-bottom: 40px; \"><div class=\"col span_12 dark left\">\n\t<div class=\"vc_span12 wpb_column column_container col\" data-animation=\"\" data-delay=\"0\">\n\t\t<div class=\"wpb_wrapper\">\n\t\t\t\n\t<div class=\"wpb_text_column wpb_content_element \">\n\t\t<div class=\"wpb_wrapper\">\n\t\t\t<div style=\"max-width: 800px; margin: 0 auto; font-size: 17px; font-weight: bold; text-align: center; border-top: 4px solid #195799; padding-top: 20px;\">Para obtener m\u00e1s informaci\u00f3n sobre c\u00f3mo iniciar un reclamaci\u00f3n, o para averiguar si usted tiene una causa de acci\u00f3n meritoria, por favor de contactar con nuestro bufete de abogados, sin costo alguno, al (787) 268-6444, para una consulta gratuita.<\/div>\n\n\t\t<\/div> \n\t<\/div> \n\t\t<\/div> \n\t<\/div> \n<\/div><\/div>\n\t<div id=\"fws_69f8cbd10b08d\" class=\"wpb_row vc_row-fluid full-width-section standard_section contact-bottom  \" style=\"background-color: #f2f2f2; padding-top: 30px; padding-bottom: 30px; \"><div class=\"col span_12 dark left\">\n\t<div class=\"vc_span4 wpb_column column_container col\" data-animation=\"\" data-delay=\"0\">\n\t\t<div class=\"wpb_wrapper\">\n\t\t\t\n\t<div class=\"wpb_text_column wpb_content_element \">\n\t\t<div class=\"wpb_wrapper\">\n\t\t\t<h2 style=\"text-align: left;\"><a href=\"http:\/\/www.perdidasenbonospr.com\/contactar-abogado-arbitraje-valores-puerto-rico\/\">Cont\u00e1ctenos<\/a><\/h2>\n\n\t\t<\/div> \n\t<\/div> \n\t\t<\/div> \n\t<\/div> \n\n\t<div class=\"vc_span4 wpb_column column_container col\" data-animation=\"\" data-delay=\"0\">\n\t\t<div class=\"wpb_wrapper\">\n\t\t\t\n\t<div class=\"wpb_text_column wpb_content_element \">\n\t\t<div class=\"wpb_wrapper\">\n\t\t\t<h2 style=\"text-align: left;\"><a href=\"tel:7872686444\"><i class=\"icon-default-style icon-phone accent-color\"><\/i> (787)\u00a0268-6444<\/a><\/h2>\n\n\t\t<\/div> \n\t<\/div> \n\t\t<\/div> \n\t<\/div> \n\n\t<div class=\"vc_span4 wpb_column column_container col\" data-animation=\"\" data-delay=\"0\">\n\t\t<div class=\"wpb_wrapper\">\n\t\t\t\n\t<div class=\"wpb_text_column wpb_content_element \">\n\t\t<div class=\"wpb_wrapper\">\n\t\t\t<h2 style=\"text-align: center;\"><a href=\"mailto:info@nasd-law.com\"><i class=\"icon-default-style icon-envelope accent-color\"><\/i> info@nasd-law.com<\/a><\/h2>\n\n\t\t<\/div> \n\t<\/div> \n\t\t<\/div> \n\t<\/div> \n<\/div><\/div>\n\t<div id=\"fws_69f8cbd10b284\" class=\"wpb_row vc_row-fluid full-width-section standard_section   \" style=\"background-color: #313233; padding-top: 60px; padding-bottom: 60px; color: #cccccc; \"><div class=\"col span_12 custom left\">\n\t<div class=\"vc_span3 wpb_column column_container col\" data-animation=\"\" data-delay=\"0\">\n\t\t<div class=\"wpb_wrapper\">\n\t\t\t\n\t<div class=\"wpb_text_column wpb_content_element \">\n\t\t<div class=\"wpb_wrapper\">\n\t\t\t<div class=\"wv-footer\">\n<h4>BOCA RATON, FL<\/h4>\n<\/div>\n\n\t\t<\/div> \n\t<\/div> <img decoding=\"async\" class=\"img-with-animation \" data-delay=\"0\" data-animation=\"fade-in\" src=\"http:\/\/www.sueubspuertorico.com\/wp-content\/uploads\/2014\/11\/boca-raton-building-small.jpg\" alt=\"\" \/>\n\t<div class=\"wpb_text_column wpb_content_element \">\n\t\t<div class=\"wpb_wrapper\">\n\t\t\t<div  class=\"divider\"><\/div>\n<p>1200 Corporate Place<br \/>\n1200 N. Federal Hwy, Suite 200<br \/>\nBoca Raton, FL 33432<br \/>\nPhone: (561) 997 \u2013 9956<\/p>\n\n\t\t<\/div> \n\t<\/div> \n\t\t<\/div> \n\t<\/div> \n\n\t<div class=\"vc_span3 wpb_column column_container col\" data-animation=\"\" data-delay=\"0\">\n\t\t<div class=\"wpb_wrapper\">\n\t\t\t\n\t<div class=\"wpb_text_column wpb_content_element \">\n\t\t<div class=\"wpb_wrapper\">\n\t\t\t<div class=\"wv-footer\">\n<h4>NEW YORK, NY<\/h4>\n<\/div>\n\n\t\t<\/div> \n\t<\/div> <img decoding=\"async\" class=\"img-with-animation \" data-delay=\"0\" data-animation=\"fade-in\" src=\"http:\/\/www.sueubspuertorico.com\/wp-content\/uploads\/2014\/04\/newyork-office.jpg\" alt=\"\" \/>\n\t<div class=\"wpb_text_column wpb_content_element \">\n\t\t<div class=\"wpb_wrapper\">\n\t\t\t<div  class=\"divider\"><\/div>\n<p>Chanin Building at Grand Central Terminal<br \/>\n380 Lexington Avenue, 17th Floor<br \/>\nNew York, New York 10168<br \/>\nPhone: (212) 269 \u2013 9956<br \/>\n(s\u00f3lo con cita previa)<\/p>\n\n\t\t<\/div> \n\t<\/div> \n\t\t<\/div> \n\t<\/div> \n\n\t<div class=\"vc_span3 wpb_column column_container col\" data-animation=\"\" data-delay=\"0\">\n\t\t<div class=\"wpb_wrapper\">\n\t\t\t\n\t<div class=\"wpb_text_column wpb_content_element \">\n\t\t<div class=\"wpb_wrapper\">\n\t\t\t<div class=\"wv-footer\">\n<h4>NEWPORT BEACH, CA<\/h4>\n<\/div>\n\n\t\t<\/div> \n\t<\/div> <img decoding=\"async\" class=\"img-with-animation \" data-delay=\"0\" data-animation=\"fade-in\" src=\"http:\/\/www.sueubspuertorico.com\/wp-content\/uploads\/2014\/04\/newportbeach-office.jpg\" alt=\"\" \/>\n\t<div class=\"wpb_text_column wpb_content_element \">\n\t\t<div class=\"wpb_wrapper\">\n\t\t\t<div  class=\"divider\"><\/div>\n<p>4675 MacArthur Court, Suite 550<br \/>\nNewport Beach, California 92660<\/p>\n<p>Phone: (949) 721-9956<br \/>\n(s\u00f3lo con cita previa)<\/p>\n\n\t\t<\/div> \n\t<\/div> \n\t\t<\/div> \n\t<\/div> \n\n\t<div class=\"vc_span3 wpb_column column_container col\" data-animation=\"\" data-delay=\"0\">\n\t\t<div class=\"wpb_wrapper\">\n\t\t\t\n\t<div class=\"wpb_text_column wpb_content_element \">\n\t\t<div class=\"wpb_wrapper\">\n\t\t\t<div class=\"wv-footer\">\n<h4>SAN JUAN, PUERTO RICO<\/h4>\n<\/div>\n\n\t\t<\/div> \n\t<\/div> <img decoding=\"async\" class=\"img-with-animation \" data-delay=\"0\" data-animation=\"fade-in\" src=\"http:\/\/www.sueubspuertorico.com\/wp-content\/uploads\/2015\/01\/puerto-rico-building-small.jpg\" alt=\"\" \/>\n\t<div class=\"wpb_text_column wpb_content_element \">\n\t\t<div class=\"wpb_wrapper\">\n\t\t\t<div  class=\"divider\"><\/div>\n<p>American Airlines Building<br \/>\n1509 Lopez Landron St. -PH<br \/>\nSan Juan, PR 00911<br \/>\nPhone: (787)\u00a0268-6444<br \/>\n(s\u00f3lo con cita previa)<\/p>\n\n\t\t<\/div> \n\t<\/div> \n\t\t<\/div> \n\t<\/div> \n<\/div><\/div>\n","protected":false},"excerpt":{"rendered":"","protected":false},"author":1,"featured_media":0,"parent":0,"menu_order":6,"comment_status":"open","ping_status":"closed","template":"","meta":{"footnotes":""},"class_list":["post-279","page","type-page","status-publish","hentry"],"aioseo_notices":[],"_links":{"self":[{"href":"http:\/\/www.sueubspuertorico.com\/es\/wp-json\/wp\/v2\/pages\/279","targetHints":{"allow":["GET"]}}],"collection":[{"href":"http:\/\/www.sueubspuertorico.com\/es\/wp-json\/wp\/v2\/pages"}],"about":[{"href":"http:\/\/www.sueubspuertorico.com\/es\/wp-json\/wp\/v2\/types\/page"}],"author":[{"embeddable":true,"href":"http:\/\/www.sueubspuertorico.com\/es\/wp-json\/wp\/v2\/users\/1"}],"replies":[{"embeddable":true,"href":"http:\/\/www.sueubspuertorico.com\/es\/wp-json\/wp\/v2\/comments?post=279"}],"version-history":[{"count":21,"href":"http:\/\/www.sueubspuertorico.com\/es\/wp-json\/wp\/v2\/pages\/279\/revisions"}],"predecessor-version":[{"id":1415,"href":"http:\/\/www.sueubspuertorico.com\/es\/wp-json\/wp\/v2\/pages\/279\/revisions\/1415"}],"wp:attachment":[{"href":"http:\/\/www.sueubspuertorico.com\/es\/wp-json\/wp\/v2\/media?parent=279"}],"curies":[{"name":"wp","href":"https:\/\/api.w.org\/{rel}","templated":true}]}}